{"id":1644,"date":"2025-05-07T21:47:01","date_gmt":"2025-05-07T21:47:01","guid":{"rendered":"https:\/\/divm.se\/contact-us\/"},"modified":"2025-11-27T10:00:54","modified_gmt":"2025-11-27T10:00:54","slug":"contact-us","status":"publish","type":"page","link":"https:\/\/divm.se\/en\/contact-us\/","title":{"rendered":"Contact us"},"content":{"rendered":"\t\t<div data-elementor-type=\"wp-page\" data-elementor-id=\"1644\" class=\"elementor elementor-1644 elementor-1285\" data-elementor-post-type=\"page\">\n\t\t\t\t<div class=\"elementor-element elementor-element-984205c e-flex e-con-boxed e-con e-parent\" data-id=\"984205c\" data-element_type=\"container\" data-e-type=\"container\">\n\t\t\t\t\t<div class=\"e-con-inner\">\n\t\t<div class=\"elementor-element elementor-element-5e93ddd e-con-full e-flex e-con e-child\" data-id=\"5e93ddd\" data-element_type=\"container\" data-e-type=\"container\">\n\t\t\t\t<div class=\"elementor-element elementor-element-e5077f6 elementor-widget elementor-widget-heading\" data-id=\"e5077f6\" data-element_type=\"widget\" data-e-type=\"widget\" data-widget_type=\"heading.default\">\n\t\t\t\t<div class=\"elementor-widget-container\">\n\t\t\t\t\t<h1 class=\"elementor-heading-title elementor-size-default\">Contact Us \u2013 We\u2019re Here to Help<\/h1>\t\t\t\t<\/div>\n\t\t\t\t<\/div>\n\t\t\t\t<div class=\"elementor-element elementor-element-3ae8f8f elementor-widget elementor-widget-text-editor\" data-id=\"3ae8f8f\" data-element_type=\"widget\" data-e-type=\"widget\" data-widget_type=\"text-editor.default\">\n\t\t\t\t<div class=\"elementor-widget-container\">\n\t\t\t\t\t\t\t\t\t<p>Whether you want to start a new project or need more information about our services, our team is here to assist you. Get in touch with us today and let\u2019s discuss how we can help you achieve your goals. <\/p>\t\t\t\t\t\t\t\t<\/div>\n\t\t\t\t<\/div>\n\t\t\t\t<div class=\"elementor-element elementor-element-5e787b2 elementor-widget elementor-widget-heading\" data-id=\"5e787b2\" data-element_type=\"widget\" data-e-type=\"widget\" data-widget_type=\"heading.default\">\n\t\t\t\t<div class=\"elementor-widget-container\">\n\t\t\t\t\t<div class=\"elementor-heading-title elementor-size-default\">Contact Information<\/div>\t\t\t\t<\/div>\n\t\t\t\t<\/div>\n\t\t\t\t<div class=\"elementor-element elementor-element-219a2c8 elementor-list-item-link-inline icon-fill elementor-icon-list--layout-inline elementor-widget elementor-widget-icon-list\" data-id=\"219a2c8\" data-element_type=\"widget\" data-e-type=\"widget\" data-widget_type=\"icon-list.default\">\n\t\t\t\t<div class=\"elementor-widget-container\">\n\t\t\t\t\t\t\t<ul class=\"elementor-icon-list-items elementor-inline-items\">\n\t\t\t\t\t\t\t<li class=\"elementor-icon-list-item elementor-inline-item\">\n\t\t\t\t\t\t\t\t\t\t\t<a href=\"mailto:info@divm.se\">\n\n\t\t\t\t\t\t\t\t\t\t\t\t<span class=\"elementor-icon-list-icon\">\n\t\t\t\t\t\t\t<svg xmlns=\"http:\/\/www.w3.org\/2000\/svg\" width=\"25\" height=\"24\" viewBox=\"0 0 25 24\" fill=\"none\"><path d=\"M17.2847 3C18.6257 3 19.9157 3.53 20.8647 4.481C21.8147 5.43 22.3457 6.71 22.3457 8.05V15.95C22.3457 18.74 20.0757 21 17.2847 21H7.4057C4.6147 21 2.3457 18.74 2.3457 15.95V8.05C2.3457 5.26 4.6047 3 7.4057 3H17.2847ZM18.4157 8.2C18.2057 8.189 18.0057 8.26 17.8547 8.4L13.3457 12C12.7657 12.481 11.9347 12.481 11.3457 12L6.8457 8.4C6.5347 8.17 6.1047 8.2 5.8457 8.47C5.5757 8.74 5.5457 9.17 5.7747 9.47L5.9057 9.6L10.4557 13.15C11.0157 13.59 11.6947 13.83 12.4057 13.83C13.1147 13.83 13.8057 13.59 14.3647 13.15L18.8757 9.54L18.9557 9.46C19.1947 9.17 19.1947 8.75 18.9447 8.46C18.8057 8.311 18.6147 8.22 18.4157 8.2Z\" fill=\"currentColor\"><\/path><\/svg>\t\t\t\t\t\t<\/span>\n\t\t\t\t\t\t\t\t\t\t<span class=\"elementor-icon-list-text\">info@divm.se<\/span>\n\t\t\t\t\t\t\t\t\t\t\t<\/a>\n\t\t\t\t\t\t\t\t\t<\/li>\n\t\t\t\t\t\t<\/ul>\n\t\t\t\t\t\t<\/div>\n\t\t\t\t<\/div>\n\t\t\t\t<div class=\"elementor-element elementor-element-6d8a853 elementor-widget elementor-widget-heading\" data-id=\"6d8a853\" data-element_type=\"widget\" data-e-type=\"widget\" data-widget_type=\"heading.default\">\n\t\t\t\t<div class=\"elementor-widget-container\">\n\t\t\t\t\t<div class=\"elementor-heading-title elementor-size-default\">Office Address<\/div>\t\t\t\t<\/div>\n\t\t\t\t<\/div>\n\t\t\t\t<div class=\"elementor-element elementor-element-4adeeb9 elementor-list-item-link-inline icon-fill elementor-icon-list--layout-traditional elementor-widget elementor-widget-icon-list\" data-id=\"4adeeb9\" data-element_type=\"widget\" data-e-type=\"widget\" data-widget_type=\"icon-list.default\">\n\t\t\t\t<div class=\"elementor-widget-container\">\n\t\t\t\t\t\t\t<ul class=\"elementor-icon-list-items\">\n\t\t\t\t\t\t\t<li class=\"elementor-icon-list-item\">\n\t\t\t\t\t\t\t\t\t\t\t<a href=\"https:\/\/maps.app.goo.gl\/Y3AY1pa4bryyEEnLA\" target=\"_blank\">\n\n\t\t\t\t\t\t\t\t\t\t\t\t<span class=\"elementor-icon-list-icon\">\n\t\t\t\t\t\t\t<svg xmlns=\"http:\/\/www.w3.org\/2000\/svg\" width=\"25\" height=\"24\" viewBox=\"0 0 25 24\" fill=\"none\"><path d=\"M12.3391 2C17.0018 2 20.8457 5.71789 20.8457 10.3178C20.8457 12.6357 20.0027 14.7876 18.6152 16.6116C17.0845 18.6235 15.1979 20.3765 13.0742 21.7524C12.5882 22.0704 12.1496 22.0944 11.6162 21.7524C9.48044 20.3765 7.59379 18.6235 6.0762 16.6116C4.68769 14.7876 3.8457 12.6357 3.8457 10.3178C3.8457 5.71789 7.68958 2 12.3391 2ZM12.3391 7.77683C10.7974 7.77683 9.53993 9.0478 9.53993 10.5768C9.53993 12.1177 10.7974 13.3297 12.3391 13.3297C13.8819 13.3297 15.1515 12.1177 15.1515 10.5768C15.1515 9.0478 13.8819 7.77683 12.3391 7.77683Z\" fill=\"currentColor\"><\/path><\/svg>\t\t\t\t\t\t<\/span>\n\t\t\t\t\t\t\t\t\t\t<span class=\"elementor-icon-list-text\">Main office &amp; divM PM - \u00d6stergatan 2, 211 25 Malm\u00f6<\/span>\n\t\t\t\t\t\t\t\t\t\t\t<\/a>\n\t\t\t\t\t\t\t\t\t<\/li>\n\t\t\t\t\t\t\t\t<li class=\"elementor-icon-list-item\">\n\t\t\t\t\t\t\t\t\t\t\t<a href=\"https:\/\/maps.app.goo.gl\/CApefQUY3XXk1ZYz9\" target=\"_blank\">\n\n\t\t\t\t\t\t\t\t\t\t\t\t<span class=\"elementor-icon-list-icon\">\n\t\t\t\t\t\t\t<svg xmlns=\"http:\/\/www.w3.org\/2000\/svg\" width=\"25\" height=\"24\" viewBox=\"0 0 25 24\" fill=\"none\"><path d=\"M12.3391 2C17.0018 2 20.8457 5.71789 20.8457 10.3178C20.8457 12.6357 20.0027 14.7876 18.6152 16.6116C17.0845 18.6235 15.1979 20.3765 13.0742 21.7524C12.5882 22.0704 12.1496 22.0944 11.6162 21.7524C9.48044 20.3765 7.59379 18.6235 6.0762 16.6116C4.68769 14.7876 3.8457 12.6357 3.8457 10.3178C3.8457 5.71789 7.68958 2 12.3391 2ZM12.3391 7.77683C10.7974 7.77683 9.53993 9.0478 9.53993 10.5768C9.53993 12.1177 10.7974 13.3297 12.3391 13.3297C13.8819 13.3297 15.1515 12.1177 15.1515 10.5768C15.1515 9.0478 13.8819 7.77683 12.3391 7.77683Z\" fill=\"currentColor\"><\/path><\/svg>\t\t\t\t\t\t<\/span>\n\t\t\t\t\t\t\t\t\t\t<span class=\"elementor-icon-list-text\">divM PM - \u00c4tteh\u00f6gsgatan 8B, 416 74 G\u00f6teborg<\/span>\n\t\t\t\t\t\t\t\t\t\t\t<\/a>\n\t\t\t\t\t\t\t\t\t<\/li>\n\t\t\t\t\t\t\t\t<li class=\"elementor-icon-list-item\">\n\t\t\t\t\t\t\t\t\t\t\t<a href=\"https:\/\/maps.app.goo.gl\/SxNJWV9VWqUs8C8QA\" target=\"_blank\">\n\n\t\t\t\t\t\t\t\t\t\t\t\t<span class=\"elementor-icon-list-icon\">\n\t\t\t\t\t\t\t<svg xmlns=\"http:\/\/www.w3.org\/2000\/svg\" width=\"25\" height=\"24\" viewBox=\"0 0 25 24\" fill=\"none\"><path d=\"M12.3391 2C17.0018 2 20.8457 5.71789 20.8457 10.3178C20.8457 12.6357 20.0027 14.7876 18.6152 16.6116C17.0845 18.6235 15.1979 20.3765 13.0742 21.7524C12.5882 22.0704 12.1496 22.0944 11.6162 21.7524C9.48044 20.3765 7.59379 18.6235 6.0762 16.6116C4.68769 14.7876 3.8457 12.6357 3.8457 10.3178C3.8457 5.71789 7.68958 2 12.3391 2ZM12.3391 7.77683C10.7974 7.77683 9.53993 9.0478 9.53993 10.5768C9.53993 12.1177 10.7974 13.3297 12.3391 13.3297C13.8819 13.3297 15.1515 12.1177 15.1515 10.5768C15.1515 9.0478 13.8819 7.77683 12.3391 7.77683Z\" fill=\"currentColor\"><\/path><\/svg>\t\t\t\t\t\t<\/span>\n\t\t\t\t\t\t\t\t\t\t<span class=\"elementor-icon-list-text\">divM Power - Industrigatan 50  291 36 Kristianstad<\/span>\n\t\t\t\t\t\t\t\t\t\t\t<\/a>\n\t\t\t\t\t\t\t\t\t<\/li>\n\t\t\t\t\t\t<\/ul>\n\t\t\t\t\t\t<\/div>\n\t\t\t\t<\/div>\n\t\t\t\t<div class=\"elementor-element elementor-element-1ef9c97 elementor-widget elementor-widget-heading\" data-id=\"1ef9c97\" data-element_type=\"widget\" data-e-type=\"widget\" data-widget_type=\"heading.default\">\n\t\t\t\t<div class=\"elementor-widget-container\">\n\t\t\t\t\t<div class=\"elementor-heading-title elementor-size-default\">Follow Us on Social Media<\/div>\t\t\t\t<\/div>\n\t\t\t\t<\/div>\n\t\t\t\t<div class=\"elementor-element elementor-element-12f64d8 e-grid-align-left elementor-shape-rounded elementor-grid-0 elementor-widget elementor-widget-social-icons\" data-id=\"12f64d8\" data-element_type=\"widget\" data-e-type=\"widget\" data-widget_type=\"social-icons.default\">\n\t\t\t\t<div class=\"elementor-widget-container\">\n\t\t\t\t\t\t\t<div class=\"elementor-social-icons-wrapper elementor-grid\">\n\t\t\t\t\t\t\t<span class=\"elementor-grid-item\">\n\t\t\t\t\t<a class=\"elementor-icon elementor-social-icon elementor-social-icon-linkedin-in elementor-animation-shrink elementor-repeater-item-d8f3f2b\" href=\"#\" target=\"_blank\">\n\t\t\t\t\t\t<span class=\"elementor-screen-only\">Linkedin-in<\/span>\n\t\t\t\t\t\t<svg aria-hidden=\"true\" class=\"e-font-icon-svg e-fab-linkedin-in\" viewBox=\"0 0 448 512\" xmlns=\"http:\/\/www.w3.org\/2000\/svg\"><path d=\"M100.28 448H7.4V148.9h92.88zM53.79 108.1C24.09 108.1 0 83.5 0 53.8a53.79 53.79 0 0 1 107.58 0c0 29.7-24.1 54.3-53.79 54.3zM447.9 448h-92.68V302.4c0-34.7-.7-79.2-48.29-79.2-48.29 0-55.69 37.7-55.69 76.7V448h-92.78V148.9h89.08v40.8h1.3c12.4-23.5 42.69-48.3 87.88-48.3 94 0 111.28 61.9 111.28 142.3V448z\"><\/path><\/svg>\t\t\t\t\t<\/a>\n\t\t\t\t<\/span>\n\t\t\t\t\t<\/div>\n\t\t\t\t\t\t<\/div>\n\t\t\t\t<\/div>\n\t\t\t\t<\/div>\n\t\t<div class=\"elementor-element elementor-element-5c4e553 e-con-full box-shadow-1 e-flex e-con e-child\" data-id=\"5c4e553\" data-element_type=\"container\" data-e-type=\"container\">\n\t\t\t\t<div class=\"elementor-element elementor-element-35dd1f6 elementor-widget elementor-widget-heading\" data-id=\"35dd1f6\" data-element_type=\"widget\" data-e-type=\"widget\" data-widget_type=\"heading.default\">\n\t\t\t\t<div class=\"elementor-widget-container\">\n\t\t\t\t\t<h2 class=\"elementor-heading-title elementor-size-default\">Send Us a Message<\/h2>\t\t\t\t<\/div>\n\t\t\t\t<\/div>\n\t\t\t\t<div class=\"elementor-element elementor-element-12eac53 elementor-button-align-start btn-w-arrow btn-hover-no-fill form-space-1 elementor-widget elementor-widget-form\" data-id=\"12eac53\" data-element_type=\"widget\" data-e-type=\"widget\" data-settings=\"{&quot;step_next_label&quot;:&quot;Next&quot;,&quot;step_previous_label&quot;:&quot;Previous&quot;,&quot;button_width&quot;:&quot;100&quot;,&quot;step_type&quot;:&quot;number_text&quot;,&quot;step_icon_shape&quot;:&quot;circle&quot;}\" data-widget_type=\"form.default\">\n\t\t\t\t<div class=\"elementor-widget-container\">\n\t\t\t\t\t\t\t<form class=\"elementor-form\" method=\"post\" id=\"kontakta_oss\" name=\"Contact us\" aria-label=\"Contact us\" novalidate=\"\">\n\t\t\t<input type=\"hidden\" name=\"post_id\" value=\"1644\"\/>\n\t\t\t<input type=\"hidden\" name=\"form_id\" value=\"12eac53\"\/>\n\t\t\t<input type=\"hidden\" name=\"referer_title\" value=\"divM\" \/>\n\n\t\t\t\n\t\t\t<div class=\"elementor-form-fields-wrapper elementor-labels-\">\n\t\t\t\t\t\t\t\t<div class=\"elementor-field-type-text elementor-field-group elementor-column elementor-field-group-namn elementor-col-100 elementor-field-required\">\n\t\t\t\t\t\t\t\t\t\t\t\t<label for=\"form-field-namn\" class=\"elementor-field-label elementor-screen-only\">\n\t\t\t\t\t\t\t\tName\t\t\t\t\t\t\t<\/label>\n\t\t\t\t\t\t\t\t\t\t\t\t\t\t<input size=\"1\" type=\"text\" name=\"form_fields[namn]\" id=\"form-field-namn\" class=\"elementor-field elementor-size-sm  elementor-field-textual\" placeholder=\"Your Name\" required=\"required\">\n\t\t\t\t\t\t\t\t\t\t\t<\/div>\n\t\t\t\t\t\t\t\t<div class=\"elementor-field-type-email elementor-field-group elementor-column elementor-field-group-e_postadress elementor-col-100 elementor-field-required\">\n\t\t\t\t\t\t\t\t\t\t\t\t<label for=\"form-field-e_postadress\" class=\"elementor-field-label elementor-screen-only\">\n\t\t\t\t\t\t\t\tEmail Address\t\t\t\t\t\t\t<\/label>\n\t\t\t\t\t\t\t\t\t\t\t\t\t\t<input size=\"1\" type=\"email\" name=\"form_fields[e_postadress]\" id=\"form-field-e_postadress\" class=\"elementor-field elementor-size-sm  elementor-field-textual\" placeholder=\"Email Address\" required=\"required\">\n\t\t\t\t\t\t\t\t\t\t\t<\/div>\n\t\t\t\t\t\t\t\t<div class=\"elementor-field-type-textarea elementor-field-group elementor-column elementor-field-group-meddelande elementor-col-100 elementor-field-required\">\n\t\t\t\t\t\t\t\t\t\t\t\t<label for=\"form-field-meddelande\" class=\"elementor-field-label elementor-screen-only\">\n\t\t\t\t\t\t\t\tMessage\t\t\t\t\t\t\t<\/label>\n\t\t\t\t\t\t<textarea class=\"elementor-field-textual elementor-field  elementor-size-sm\" name=\"form_fields[meddelande]\" id=\"form-field-meddelande\" rows=\"4\" placeholder=\"Write Your Message\" required=\"required\"><\/textarea>\t\t\t\t<\/div>\n\t\t\t\t\t\t\t\t<div class=\"elementor-field-type-acceptance elementor-field-group elementor-column elementor-field-group-villkoren elementor-col-100 elementor-field-required\">\n\t\t\t\t\t\t\t\t\t\t\t\t<label for=\"form-field-villkoren\" class=\"elementor-field-label elementor-screen-only\">\n\t\t\t\t\t\t\t\tTerms and Conditions\t\t\t\t\t\t\t<\/label>\n\t\t\t\t\t\t\t\t<div class=\"elementor-field-subgroup\">\n\t\t\t<span class=\"elementor-field-option\">\n\t\t\t\t<input type=\"checkbox\" name=\"form_fields[villkoren]\" id=\"form-field-villkoren\" class=\"elementor-field elementor-size-sm  elementor-acceptance-field\" required=\"required\">\n\t\t\t\t<label for=\"form-field-villkoren\"><span>I accept the <a href=\"https:\/\/divm.se\/en\/privacy-policy\/\">terms and conditions<\/a><\/span><\/label>\t\t\t<\/span>\n\t\t<\/div>\n\t\t\t\t\t\t<\/div>\n\t\t\t\t\t\t\t\t<div class=\"elementor-field-type-recaptcha_v3 elementor-field-group elementor-column elementor-field-group-reCaptcha elementor-col-100 recaptcha_v3-bottomright\">\n\t\t\t\t\t<div class=\"elementor-field\" id=\"form-field-reCaptcha\"><div class=\"elementor-g-recaptcha\" data-sitekey=\"6LeG53IrAAAAAJ_J-0F1qprZ1hzNVczZbEfYuXwa\" data-type=\"v3\" data-action=\"Form\" data-badge=\"bottomright\" data-size=\"invisible\"><\/div><\/div>\t\t\t\t<\/div>\n\t\t\t\t\t\t\t\t<div class=\"elementor-field-group elementor-column elementor-field-type-submit elementor-col-100 e-form__buttons\">\n\t\t\t\t\t<button class=\"elementor-button elementor-size-sm\" type=\"submit\">\n\t\t\t\t\t\t<span class=\"elementor-button-content-wrapper\">\n\t\t\t\t\t\t\t\t\t\t\t\t\t\t\t\t\t\t\t\t\t\t<span class=\"elementor-button-text\">Send Message<\/span>\n\t\t\t\t\t\t\t\t\t\t\t\t\t<\/span>\n\t\t\t\t\t<\/button>\n\t\t\t\t<\/div>\n\t\t\t<\/div>\n\t\t<\/form>\n\t\t\t\t\t\t<\/div>\n\t\t\t\t<\/div>\n\t\t\t\t<\/div>\n\t\t\t\t\t<\/div>\n\t\t\t\t<\/div>\n\t\t\t\t<\/div>\n\t\t","protected":false},"excerpt":{"rendered":"<p>Contact Us \u2013 We\u2019re Here to Help Whether you want to start a new project or need more information about our services, our team is here to assist you. Get in touch with us today and let\u2019s discuss how we can help you achieve your goals. Contact Information info@divm.se Office Address Main office &amp; divM [&hellip;]<\/p>\n","protected":false},"author":1,"featured_media":0,"parent":0,"menu_order":0,"comment_status":"closed","ping_status":"closed","template":"","meta":{"_acf_changed":false,"footnotes":""},"class_list":["post-1644","page","type-page","status-publish","hentry"],"acf":[],"yoast_head":"<!-- This site is optimized with the Yoast SEO plugin v27.4 - https:\/\/yoast.com\/product\/yoast-seo-wordpress\/ -->\n<title>Contact Us \u2013 We\u2019re Here to Help - divM<\/title>\n<meta name=\"description\" content=\"Whether you want to start a new project or need more information about our services, our team is here to assist you.\" \/>\n<meta name=\"robots\" content=\"index, follow, max-snippet:-1, max-image-preview:large, max-video-preview:-1\" \/>\n<link rel=\"canonical\" href=\"https:\/\/divm.se\/kontakta-oss\/\" \/>\n<meta property=\"og:locale\" content=\"en_US\" \/>\n<meta property=\"og:type\" content=\"article\" \/>\n<meta property=\"og:title\" content=\"Contact Us \u2013 We\u2019re Here to Help - divM\" \/>\n<meta property=\"og:description\" content=\"Whether you want to start a new project or need more information about our services, our team is here to assist you.\" \/>\n<meta property=\"og:url\" content=\"https:\/\/divm.se\/kontakta-oss\/\" \/>\n<meta property=\"og:site_name\" content=\"divM\" \/>\n<meta property=\"article:modified_time\" content=\"2025-11-27T10:00:54+00:00\" \/>\n<meta name=\"twitter:card\" content=\"summary_large_image\" \/>\n<meta name=\"twitter:label1\" content=\"Est. reading time\" \/>\n\t<meta name=\"twitter:data1\" content=\"1 minute\" \/>\n<script type=\"application\/ld+json\" class=\"yoast-schema-graph\">{\"@context\":\"https:\\\/\\\/schema.org\",\"@graph\":[{\"@type\":\"WebPage\",\"@id\":\"https:\\\/\\\/divm.se\\\/kontakta-oss\\\/\",\"url\":\"https:\\\/\\\/divm.se\\\/kontakta-oss\\\/\",\"name\":\"Contact Us \u2013 We\u2019re Here to Help - divM\",\"isPartOf\":{\"@id\":\"https:\\\/\\\/divm.se\\\/#website\"},\"datePublished\":\"2025-05-07T21:47:01+00:00\",\"dateModified\":\"2025-11-27T10:00:54+00:00\",\"description\":\"Whether you want to start a new project or need more information about our services, our team is here to assist you.\",\"breadcrumb\":{\"@id\":\"https:\\\/\\\/divm.se\\\/kontakta-oss\\\/#breadcrumb\"},\"inLanguage\":\"en-US\",\"potentialAction\":[{\"@type\":\"ReadAction\",\"target\":[\"https:\\\/\\\/divm.se\\\/kontakta-oss\\\/\"]}]},{\"@type\":\"BreadcrumbList\",\"@id\":\"https:\\\/\\\/divm.se\\\/kontakta-oss\\\/#breadcrumb\",\"itemListElement\":[{\"@type\":\"ListItem\",\"position\":1,\"name\":\"Hem\",\"item\":\"https:\\\/\\\/divm.se\\\/en\\\/\"},{\"@type\":\"ListItem\",\"position\":2,\"name\":\"Contact us\"}]},{\"@type\":\"WebSite\",\"@id\":\"https:\\\/\\\/divm.se\\\/#website\",\"url\":\"https:\\\/\\\/divm.se\\\/\",\"name\":\"divM\",\"description\":\"\",\"publisher\":{\"@id\":\"https:\\\/\\\/divm.se\\\/#organization\"},\"potentialAction\":[{\"@type\":\"SearchAction\",\"target\":{\"@type\":\"EntryPoint\",\"urlTemplate\":\"https:\\\/\\\/divm.se\\\/?s={search_term_string}\"},\"query-input\":{\"@type\":\"PropertyValueSpecification\",\"valueRequired\":true,\"valueName\":\"search_term_string\"}}],\"inLanguage\":\"en-US\"},{\"@type\":\"Organization\",\"@id\":\"https:\\\/\\\/divm.se\\\/#organization\",\"name\":\"divM\",\"url\":\"https:\\\/\\\/divm.se\\\/\",\"logo\":{\"@type\":\"ImageObject\",\"inLanguage\":\"en-US\",\"@id\":\"https:\\\/\\\/divm.se\\\/#\\\/schema\\\/logo\\\/image\\\/\",\"url\":\"https:\\\/\\\/divm.se\\\/wp-content\\\/uploads\\\/2024\\\/10\\\/divm-logo-header.png\",\"contentUrl\":\"https:\\\/\\\/divm.se\\\/wp-content\\\/uploads\\\/2024\\\/10\\\/divm-logo-header.png\",\"width\":505,\"height\":196,\"caption\":\"divM\"},\"image\":{\"@id\":\"https:\\\/\\\/divm.se\\\/#\\\/schema\\\/logo\\\/image\\\/\"}}]}<\/script>\n<!-- \/ Yoast SEO plugin. -->","yoast_head_json":{"title":"Contact Us \u2013 We\u2019re Here to Help - divM","description":"Whether you want to start a new project or need more information about our services, our team is here to assist you.","robots":{"index":"index","follow":"follow","max-snippet":"max-snippet:-1","max-image-preview":"max-image-preview:large","max-video-preview":"max-video-preview:-1"},"canonical":"https:\/\/divm.se\/kontakta-oss\/","og_locale":"en_US","og_type":"article","og_title":"Contact Us \u2013 We\u2019re Here to Help - divM","og_description":"Whether you want to start a new project or need more information about our services, our team is here to assist you.","og_url":"https:\/\/divm.se\/kontakta-oss\/","og_site_name":"divM","article_modified_time":"2025-11-27T10:00:54+00:00","twitter_card":"summary_large_image","twitter_misc":{"Est. reading time":"1 minute"},"schema":{"@context":"https:\/\/schema.org","@graph":[{"@type":"WebPage","@id":"https:\/\/divm.se\/kontakta-oss\/","url":"https:\/\/divm.se\/kontakta-oss\/","name":"Contact Us \u2013 We\u2019re Here to Help - divM","isPartOf":{"@id":"https:\/\/divm.se\/#website"},"datePublished":"2025-05-07T21:47:01+00:00","dateModified":"2025-11-27T10:00:54+00:00","description":"Whether you want to start a new project or need more information about our services, our team is here to assist you.","breadcrumb":{"@id":"https:\/\/divm.se\/kontakta-oss\/#breadcrumb"},"inLanguage":"en-US","potentialAction":[{"@type":"ReadAction","target":["https:\/\/divm.se\/kontakta-oss\/"]}]},{"@type":"BreadcrumbList","@id":"https:\/\/divm.se\/kontakta-oss\/#breadcrumb","itemListElement":[{"@type":"ListItem","position":1,"name":"Hem","item":"https:\/\/divm.se\/en\/"},{"@type":"ListItem","position":2,"name":"Contact us"}]},{"@type":"WebSite","@id":"https:\/\/divm.se\/#website","url":"https:\/\/divm.se\/","name":"divM","description":"","publisher":{"@id":"https:\/\/divm.se\/#organization"},"potentialAction":[{"@type":"SearchAction","target":{"@type":"EntryPoint","urlTemplate":"https:\/\/divm.se\/?s={search_term_string}"},"query-input":{"@type":"PropertyValueSpecification","valueRequired":true,"valueName":"search_term_string"}}],"inLanguage":"en-US"},{"@type":"Organization","@id":"https:\/\/divm.se\/#organization","name":"divM","url":"https:\/\/divm.se\/","logo":{"@type":"ImageObject","inLanguage":"en-US","@id":"https:\/\/divm.se\/#\/schema\/logo\/image\/","url":"https:\/\/divm.se\/wp-content\/uploads\/2024\/10\/divm-logo-header.png","contentUrl":"https:\/\/divm.se\/wp-content\/uploads\/2024\/10\/divm-logo-header.png","width":505,"height":196,"caption":"divM"},"image":{"@id":"https:\/\/divm.se\/#\/schema\/logo\/image\/"}}]}},"_links":{"self":[{"href":"https:\/\/divm.se\/en\/wp-json\/wp\/v2\/pages\/1644","targetHints":{"allow":["GET"]}}],"collection":[{"href":"https:\/\/divm.se\/en\/wp-json\/wp\/v2\/pages"}],"about":[{"href":"https:\/\/divm.se\/en\/wp-json\/wp\/v2\/types\/page"}],"author":[{"embeddable":true,"href":"https:\/\/divm.se\/en\/wp-json\/wp\/v2\/users\/1"}],"replies":[{"embeddable":true,"href":"https:\/\/divm.se\/en\/wp-json\/wp\/v2\/comments?post=1644"}],"version-history":[{"count":18,"href":"https:\/\/divm.se\/en\/wp-json\/wp\/v2\/pages\/1644\/revisions"}],"predecessor-version":[{"id":2758,"href":"https:\/\/divm.se\/en\/wp-json\/wp\/v2\/pages\/1644\/revisions\/2758"}],"wp:attachment":[{"href":"https:\/\/divm.se\/en\/wp-json\/wp\/v2\/media?parent=1644"}],"curies":[{"name":"wp","href":"https:\/\/api.w.org\/{rel}","templated":true}]}}